{"id":97,"date":"2021-01-14T21:52:38","date_gmt":"2021-01-14T20:52:38","guid":{"rendered":"http:\/\/localhost\/Wordpress\/?page_id=97"},"modified":"2026-03-19T13:11:49","modified_gmt":"2026-03-19T13:11:49","slug":"gsu-preis","status":"publish","type":"page","link":"https:\/\/gsu-stadtgeschichte.com\/?page_id=97","title":{"rendered":"Thomas-Gro\u00dfb\u00f6lting-Dissertationspreis"},"content":{"rendered":"\n<h2 class=\"wp-block-heading\">Thomas-Gro\u00dfb\u00f6lting-Dissertationspreis<\/h2>\n\n\n\n<div style=\"height:40px\" aria-hidden=\"true\" class=\"wp-block-spacer\"><\/div>\n\n\n\n<p>Mit dem Thomas-Gro\u00dfb\u00f6lting-Dissertationspreis soll eine herausragende Dissertation im Feld der Stadtgeschichte und historischen Urbanisierungsforschung zum Zeitraum 18.- 20. Jahrhundert ausgezeichnet werden. Der Namensgeber des Preises ist unser ehemaliges Vorstandsmitglied, <a href=\"https:\/\/gsu-stadtgeschichte.com\/wp-content\/uploads\/2025\/03\/Nachruf-fuer-Thomas-Grossboelting.pdf\" target=\"_blank\" rel=\"noreferrer noopener\">Prof. Thomas Gro\u00dfb\u00f6lting<\/a>, der im Februar 2025 bei einem Zugungl\u00fcck tragisch ums Leben gekommen ist.<br>Das Preisgeld betr\u00e4gt <strong>1.000 \u20ac<\/strong>.<\/p>\n\n\n\n<p>Zur Teilnahme aufgefordert und berechtigt sind junge Wissenschaftler_innen, die in theoretischer, methodischer oder empirischer Hinsicht einen Beitrag zur historischen Stadt- und Urbanisierungsforschung aus verschiedenen disziplin\u00e4ren Perspektiven geleistet haben.<\/p>\n\n\n\n<p><\/p>\n\n\n\n<p><\/p>\n\n\n\n<div class=\"wp-block-buttons is-content-justification-right is-layout-flex wp-container-core-buttons-is-layout-765c4724 wp-block-buttons-is-layout-flex\"><\/div>\n\n\n\n<div class=\"wp-block-file\"><a id=\"wp-block-file--media-14c71769-22e9-448d-8140-54cee52006b0\" href=\"https:\/\/gsu-stadtgeschichte.com\/wp-content\/uploads\/2026\/03\/Ausschreibung-2026.pdf\">Ausschreibung 2026<\/a><a href=\"https:\/\/gsu-stadtgeschichte.com\/wp-content\/uploads\/2026\/03\/Ausschreibung-2026.pdf\" class=\"wp-block-file__button wp-element-button\" download aria-describedby=\"wp-block-file--media-14c71769-22e9-448d-8140-54cee52006b0\">Herunterladen<\/a><\/div>\n\n\n\n<div class=\"wp-block-file\"><a id=\"wp-block-file--media-4047294d-1c81-464f-8688-eb0a5a31a674\" href=\"https:\/\/gsu-stadtgeschichte.com\/wp-content\/uploads\/2026\/02\/GSU-Dissertationspreise-aktuell.pdf\">GSU Dissertationspreise<\/a><a href=\"https:\/\/gsu-stadtgeschichte.com\/wp-content\/uploads\/2026\/02\/GSU-Dissertationspreise-aktuell.pdf\" class=\"wp-block-file__button wp-element-button\" download aria-describedby=\"wp-block-file--media-4047294d-1c81-464f-8688-eb0a5a31a674\">Herunterladen<\/a><\/div>\n\n\n\n<div style=\"height:100px\" aria-hidden=\"true\" class=\"wp-block-spacer\"><\/div>\n\n\n\n<hr class=\"wp-block-separator has-text-color has-cyan-bluish-gray-color has-alpha-channel-opacity has-cyan-bluish-gray-background-color has-background is-style-wide\"\/>\n\n\n\n<div style=\"height:40px\" aria-hidden=\"true\" class=\"wp-block-spacer\"><\/div>\n\n\n\n<h6 class=\"wp-block-heading has-text-color\" style=\"color:#460c18\"><strong>P<\/strong>REISTR\u00c4GERIN 2024<\/h6>\n\n\n\n<p class=\"has-black-color has-text-color\">Den Nachwuchspreis des Jahres 2024 erh\u00e4lt <a href=\"https:\/\/www.nng.geschichte.uni-freiburg.de\/personen\/cosima-goetz\" target=\"_blank\" rel=\"noreferrer noopener\">Cosima G\u00f6tz<\/a>, die 2024 mit ihrer Dissertation \u201e<a href=\"https:\/\/www.wallstein-verlag.de\/9783835358270-metropolen-im-wettbewerb.html\" target=\"_blank\" rel=\"noreferrer noopener\">Metropolen im Wettbewerb. Stadtplanung und Stadtgesellschaften in der ersten Globalisierung, 1890\u20131940<\/a>\u201c an der Universit\u00e4t Freiburg promoviert wurde. Die Dissertation analysiert vier internationale st\u00e4dtebauliche Wettbewerbe: Berlin (1908\u2009\u2013\u200a1910), Canberra (1911\/12), Paris (1919\/20) und Ankara (1927\u2009\u2013\u200a1929) und zeichnet nach, wie St\u00e4dte durch Wettbewerbe zu umk\u00e4mpften R\u00e4umen wurden und sich gesellschaftlich neu organisierten. Ver\u00f6ffentlicht wurde die Studie 2025 im Wallstein Verlag als Band 38 in der renommierten Reihe <em>Moderne Zeit. Neue Forschungen zur Gesellschafts- und Kulturgeschichte des 19. und 20. Jahrhunderts.<\/em><\/p>\n\n\n\n<div class=\"wp-block-file\"><a id=\"wp-block-file--media-6267e925-85bc-40f9-8da9-ddb50b516f38\" href=\"https:\/\/gsu-stadtgeschichte.com\/wp-content\/uploads\/2026\/02\/GSU-Dissertationspreis-2024-Ausschreibung.pdf\">Ausschreibung 2024<\/a><a href=\"https:\/\/gsu-stadtgeschichte.com\/wp-content\/uploads\/2026\/02\/GSU-Dissertationspreis-2024-Ausschreibung.pdf\" class=\"wp-block-file__button wp-element-button\" download aria-describedby=\"wp-block-file--media-6267e925-85bc-40f9-8da9-ddb50b516f38\">Herunterladen<\/a><\/div>\n\n\n\n<div style=\"height:40px\" aria-hidden=\"true\" class=\"wp-block-spacer\"><\/div>\n\n\n\n<hr class=\"wp-block-separator has-text-color has-cyan-bluish-gray-color has-alpha-channel-opacity has-cyan-bluish-gray-background-color has-background is-style-wide\"\/>\n\n\n\n<div style=\"height:40px\" aria-hidden=\"true\" class=\"wp-block-spacer\"><\/div>\n\n\n\n<h6 class=\"wp-block-heading has-text-color\" style=\"color:#460c18\"><strong>P<\/strong>REISTR\u00c4GER 2022<\/h6>\n\n\n\n<p class=\"has-black-color has-text-color\">Den Nachwuchspreis der GSU 2022 erh\u00e4lt Malte Borgmann f\u00fcr seine Dissertation \u201eZwischen Notaufnahmelager und Neubauwohnung. Migration, Unterbringungs- und Wohnungspolitik in West-Berlin in den 1960er bis 1980er Jahren\u201c. Diese hat Malte Borgmann im September 2021 an der Universit\u00e4t Osnabr\u00fcck als Dissertationsschrift vorgelegt. Im Mittelpunkt seiner Studie steht West-Berlin als Zielort und Zwischenstation verschiedener inl\u00e4ndischer und grenz\u00fcberschreitender Migrationsbewegungen. \u00dcber die Konzepte Zugeh\u00f6rigkeit und Teilhabe diskutiert er die konkrete Wohnsituation der Migrant_innen und n\u00e4hert sich auf diese Weise Fragen mit hoher Relevanz f\u00fcr das aktuelle Zeitgeschehen. Die Dissertation ist als Monographie von der Reihe \u201eStudien zur Historischen Migrationsforschung\u201c angenommen und wird voraussichtlich 2023 bei Ferdinand Sch\u00f6ningh erscheinen.<\/p>\n\n\n\n<div class=\"wp-block-file\"><a id=\"wp-block-file--media-1db69e45-6072-4373-9bf9-034ba331e4a0\" href=\"https:\/\/gsu-stadtgeschichte.com\/wp-content\/uploads\/2023\/01\/Nachwuchspreis-2022-der-GSU.docx\">Ausschreibung 2022<\/a><a href=\"https:\/\/gsu-stadtgeschichte.com\/wp-content\/uploads\/2023\/01\/Nachwuchspreis-2022-der-GSU.docx\" class=\"wp-block-file__button wp-element-button\" download aria-describedby=\"wp-block-file--media-1db69e45-6072-4373-9bf9-034ba331e4a0\">Herunterladen<\/a><\/div>\n\n\n\n<div style=\"height:40px\" aria-hidden=\"true\" class=\"wp-block-spacer\"><\/div>\n\n\n\n<hr class=\"wp-block-separator has-text-color has-cyan-bluish-gray-color has-alpha-channel-opacity has-cyan-bluish-gray-background-color has-background is-style-wide\"\/>\n\n\n\n<div style=\"height:40px\" aria-hidden=\"true\" class=\"wp-block-spacer\"><\/div>\n\n\n\n<h6 class=\"wp-block-heading has-text-color\" style=\"color:#460c18\"><strong>PREISTR\u00c4GERINNEN 2020<\/strong><\/h6>\n\n\n\n<p>Im Jahr 2020 zeichnet die Gesellschaft f\u00fcr Stadtgeschichte und Urbanisierungsforschung zwei Preistr\u00e4gerinnen aus:<\/p>\n\n\n\n<p><a href=\"https:\/\/bildungswissenschaft.univie.ac.at\/en\/foundations-of-education\/personnel\/sparschuh-olga\/\" target=\"_blank\" rel=\"noreferrer noopener\">Olga Sparschuh<\/a> erh\u00e4lt den Preis f\u00fcr ihre Dissertation <a href=\"https:\/\/www.wallstein-verlag.de\/9783835350120-fremde-heimat-fremde-ferne.html\" target=\"_blank\" rel=\"noreferrer noopener\">\u201eFremde Heimat, fremde Ferne. Italienische Arbeitsmigration in Turin und M\u00fcnchen, 1950\u25001975\u201c<\/a> , die im Dezember 2021 als Monographie im Wallstein Verlag erschienen ist.&nbsp;In ihrer vergleichenden Studie untersucht&nbsp;Olga Sparschuh&nbsp;die Lebensrealit\u00e4ten italienischer Migranten in den St\u00e4dten Turin und M\u00fcnchen mit einem Fokus auf die Bereiche Arbeit, Unterkunft und Freizeit. Damit gelingt ihr&nbsp;eine&nbsp;innovative Verschr\u00e4nkung&nbsp;von&nbsp;Stadtgeschichte mit Ans\u00e4tzen der Alltags- und Migrationsgeschichte. Auf diese Weise unterstreicht sie die parallele Reaktion beider Metropolen&nbsp;auf die Herausforderungen von Migration im Kontext von Unterschieden innerhalb Europas einerseits und dem beginnenden Einigungsprozess andererseits und stellt eine kategorische Trennung von Binnen- und Auslandsmigration in Frage.<\/p>\n\n\n\n<p><a href=\"https:\/\/www.ngzg.geschichte.uni-muenchen.de\/personen\/ls_heinemann\/hettstedt\/index.html\" data-type=\"link\" data-id=\"https:\/\/www.ngzg.geschichte.uni-muenchen.de\/personen\/ls_heinemann\/hettstedt\/index.html\" target=\"_blank\" rel=\"noreferrer noopener\">Daniela Hettstedt<\/a> wird mit dem Preis f\u00fcr ihre an der Universit\u00e4t Basel vorgelegte Dissertation <a href=\"https:\/\/www.degruyter.com\/document\/doi\/10.1515\/9783110730210\/html\" target=\"_blank\" rel=\"noreferrer noopener\">\u201eDie internationale Stadt Tanger. Infrastrukturen des geteilten Kolonialismus, 1840\u25001956\u201c<\/a> ausgezeichnet. Darin zeigt die Autorin auf, wie im 19. Jahrhundert zun\u00e4chst internationale Organisationen und im 20. Jahrhundert eine internationale Verwaltung die Entwicklung der marokkanischen Stadt Tanger anhand von Infrastrukturprojekten pr\u00e4gte. F\u00fcr ihre Untersuchung f\u00fchrt sie disparate Quellenbest\u00e4nde aus sechs L\u00e4ndern zusammen und entwickelt das Konzept des \u201egeteilten Kolonialismus\u201c. Auf diese Weise erweitert Daniela Hettstedt die stadthistorische Perspektive um Konzepte der neuen Empireforschung, der Kolonialgeschichte und der internationalen Geschichte. Ihre Monographie erschien im M\u00e4rz 2022 als Band 51 der Reihe \u201eStudien zur internationalen Geschichte\u201c im Verlag De Gruyter (Open Access Gold).<\/p>\n\n\n\n<div style=\"height:40px\" aria-hidden=\"true\" class=\"wp-block-spacer\"><\/div>\n\n\n\n<hr class=\"wp-block-separator has-text-color has-cyan-bluish-gray-color has-alpha-channel-opacity has-cyan-bluish-gray-background-color has-background is-style-wide\"\/>\n\n\n\n<div style=\"height:40px\" aria-hidden=\"true\" class=\"wp-block-spacer\"><\/div>\n\n\n\n<h6 class=\"wp-block-heading has-text-color\" style=\"color:#460c18\"><strong>PREISTR\u00c4GER 2018<\/strong><\/h6>\n\n\n\n<div class=\"wp-block-columns is-layout-flex wp-container-core-columns-is-layout-9d6595d7 wp-block-columns-is-layout-flex\">\n<div class=\"wp-block-column is-layout-flow wp-block-column-is-layout-flow\" style=\"flex-basis:100%\">\n<p><a href=\"https:\/\/www.ifz-muenchen.de\/das-institut\/mitarbeiterinnen\/ea\/mitarbeiter\/mathias-irlinger\/\" target=\"_blank\" rel=\"noreferrer noopener\">Mathias Irlinger<\/a>&nbsp;erh\u00e4lt den Nachwuchspreis der Gesellschaft f\u00fcr Stadtgeschichte und Urbanisierungsforschung (GSU) 2018 f\u00fcr seine Dissertation &#8222;<a rel=\"noreferrer noopener\" href=\"https:\/\/www.wallstein-verlag.de\/9783835332058-mathias-irlinger-die-versorgung-der-hauptstadt-der-bewegung.html\" target=\"_blank\">Die Versorgung der &#8218;Hauptstadt der Bewegung&#8216;. Infrastrukturen und Stadtgesellschaft im nationalsozialistischen M\u00fcnchen<\/a>&#8222;. In seiner Arbeit, die am 17. September im Wallstein Verlag erschienen ist, untersucht Mathias Irlinger, wie die Stadtf\u00fchrung Verkehrs- und Versorgungssystem einsetzte, um die nationalsozialistische Herrschaft zu stabilisieren und arbeitet mit seinem alltags- und kulturgeschichtlichen Zugriff zahlreiche Wechselwirkungen zwischen Kommunalpolitik und Stadtbev\u00f6lkerung heraus. Die Studie ist von 2013 bis 2016 im Forschungsprojekt&nbsp;\u201eDie M\u00fcnchner Stadtverwaltung im Nationalsozialismus\u201c&nbsp;am&nbsp;Lehrstuhl f\u00fcr Zeitgeschichte&nbsp;der LMU entstanden und wurde 2017 als Dissertation angenommen. Seit M\u00e4rz 2017 arbeitet der Historiker am Institut f\u00fcr Zeitgeschichte und ist dort f\u00fcr die Bildungsarbeit der Dokumentation Obersalzberg zust\u00e4ndig.<\/p>\n<\/div>\n<\/div>\n\n\n\n<div style=\"height:40px\" aria-hidden=\"true\" class=\"wp-block-spacer\"><\/div>\n\n\n\n<hr class=\"wp-block-separator has-text-color has-css-opacity has-background is-style-wide\" style=\"background-color:#dfdfdf;color:#dfdfdf\"\/>\n\n\n\n<div style=\"height:40px\" aria-hidden=\"true\" class=\"wp-block-spacer\"><\/div>\n\n\n\n<h6 class=\"wp-block-heading has-text-color\" style=\"color:#460c18\"><strong>PREISTR\u00c4GER 2016<\/strong><\/h6>\n\n\n\n<p>F\u00fcr seine mit diesem Buch vorgelegte Promotion wurde <a href=\"https:\/\/paedagogik.uni-halle.de\/arbeitsbereich\/hist_erzw\/mitarbeiter-innen\/wagner\/\" target=\"_blank\" rel=\"noreferrer noopener\">Philipp Wagner <\/a>2016 mit dem Nachwuchspreis der Gesellschaft f\u00fcr Stadtgeschichte und Urbanisierungsforschung ausgezeichnet. In seiner 2016 beim Vandenhoeck-Ruprecht-Verlag ver\u00f6ffentlichen Publikation \u201e<a href=\"https:\/\/www.vandenhoeck-ruprecht-verlage.com\/themen-entdecken\/geschichte\/zeitgeschichte-ab-1949\/6323\/stadtplanung-fuer-die-welt\" target=\"_blank\" rel=\"noreferrer noopener\">Stadtplanung f\u00fcr die Welt<\/a>\u201c untersucht der Berliner Historiker Philipp Wagner diese Fragen am Beispiel der International Federation for Housing and Town Planning (IFHTP). War dieser stadtplanerische Zusammenschluss doch das gr\u00f6\u00dfte moderne Netzwerk seiner Art. Entlang der Aktivit\u00e4ten des IFHTP legt Wagner dar, dass die Vertreter derartiger Expertenverb\u00e4nde unterschiedliche Internationalisierungspraktiken entwickelten und damit ihre Forderungen zum Allgemeingut machen wollten. <\/p>\n","protected":false},"excerpt":{"rendered":"<p>Thomas-Gro\u00dfb\u00f6lting-Dissertationspreis Mit dem Thomas-Gro\u00dfb\u00f6lting-Dissertationspreis soll eine herausragende Dissertation im Feld der Stadtgeschichte und historischen Urbanisierungsforschung zum Zeitraum 18.- 20. Jahrhundert ausgezeichnet werden. Der Namensgeber des Preises ist unser ehemaliges Vorstandsmitglied, Prof. Thomas Gro\u00dfb\u00f6lting, der im Februar 2025 bei einem Zugungl\u00fcck tragisch ums Leben gekommen ist.Das Preisgeld betr\u00e4gt 1.000 \u20ac. Zur Teilnahme aufgefordert und berechtigt sind [&hellip;]<\/p>\n","protected":false},"author":2,"featured_media":0,"parent":271,"menu_order":0,"comment_status":"closed","ping_status":"closed","template":"templates\/template-full-width.php","meta":{"footnotes":""},"class_list":["post-97","page","type-page","status-publish","hentry"],"_links":{"self":[{"href":"https:\/\/gsu-stadtgeschichte.com\/index.php?rest_route=\/wp\/v2\/pages\/97","targetHints":{"allow":["GET"]}}],"collection":[{"href":"https:\/\/gsu-stadtgeschichte.com\/index.php?rest_route=\/wp\/v2\/pages"}],"about":[{"href":"https:\/\/gsu-stadtgeschichte.com\/index.php?rest_route=\/wp\/v2\/types\/page"}],"author":[{"embeddable":true,"href":"https:\/\/gsu-stadtgeschichte.com\/index.php?rest_route=\/wp\/v2\/users\/2"}],"replies":[{"embeddable":true,"href":"https:\/\/gsu-stadtgeschichte.com\/index.php?rest_route=%2Fwp%2Fv2%2Fcomments&post=97"}],"version-history":[{"count":39,"href":"https:\/\/gsu-stadtgeschichte.com\/index.php?rest_route=\/wp\/v2\/pages\/97\/revisions"}],"predecessor-version":[{"id":2044,"href":"https:\/\/gsu-stadtgeschichte.com\/index.php?rest_route=\/wp\/v2\/pages\/97\/revisions\/2044"}],"up":[{"embeddable":true,"href":"https:\/\/gsu-stadtgeschichte.com\/index.php?rest_route=\/wp\/v2\/pages\/271"}],"wp:attachment":[{"href":"https:\/\/gsu-stadtgeschichte.com\/index.php?rest_route=%2Fwp%2Fv2%2Fmedia&parent=97"}],"curies":[{"name":"wp","href":"https:\/\/api.w.org\/{rel}","templated":true}]}}