{"id":61,"date":"2021-01-14T18:55:37","date_gmt":"2021-01-14T17:55:37","guid":{"rendered":"http:\/\/localhost\/Wordpress\/?page_id=61"},"modified":"2026-01-28T13:39:22","modified_gmt":"2026-01-28T13:39:22","slug":"news","status":"publish","type":"page","link":"https:\/\/gsu-stadtgeschichte.com\/","title":{"rendered":"Startseite"},"content":{"rendered":"\n<div class=\"wp-block-columns is-layout-flex wp-container-core-columns-is-layout-9d6595d7 wp-block-columns-is-layout-flex\">\n<div class=\"wp-block-column is-layout-flow wp-block-column-is-layout-flow\" style=\"flex-basis:100%\">\n<div class=\"wp-block-media-text alignwide is-stacked-on-mobile is-vertically-aligned-center is-image-fill-element\" style=\"grid-template-columns:43% auto\"><figure class=\"wp-block-media-text__media\"><img loading=\"lazy\" decoding=\"async\" width=\"1024\" height=\"576\" src=\"https:\/\/gsu-stadtgeschichte.com\/wp-content\/uploads\/2021\/02\/cropped-cropped-cropped-18-1-1-1024x576.jpg\" alt=\"\" class=\"wp-image-519 size-full\" style=\"object-position:54% 51%\" srcset=\"https:\/\/gsu-stadtgeschichte.com\/wp-content\/uploads\/2021\/02\/cropped-cropped-cropped-18-1-1-1024x576.jpg 1024w, https:\/\/gsu-stadtgeschichte.com\/wp-content\/uploads\/2021\/02\/cropped-cropped-cropped-18-1-1-300x169.jpg 300w, https:\/\/gsu-stadtgeschichte.com\/wp-content\/uploads\/2021\/02\/cropped-cropped-cropped-18-1-1-768x432.jpg 768w, https:\/\/gsu-stadtgeschichte.com\/wp-content\/uploads\/2021\/02\/cropped-cropped-cropped-18-1-1-1536x864.jpg 1536w, https:\/\/gsu-stadtgeschichte.com\/wp-content\/uploads\/2021\/02\/cropped-cropped-cropped-18-1-1.jpg 1999w\" sizes=\"auto, (max-width: 1024px) 100vw, 1024px\" \/><\/figure><div class=\"wp-block-media-text__content\">\n<h4 class=\"wp-block-heading has-black-color has-white-background-color has-text-color has-background\" id=\"aktuelles-aus-unserem-blog-stadtgeschichten\"><strong>Aktuelles aus unserem Blog &#8222;Stadtgeschichten&#8220;<\/strong><\/h4>\n\n\n<ul class=\"has-dates wp-block-rss\"><li class='wp-block-rss__item'><div class='wp-block-rss__item-title'><a href='https:\/\/stadthist.hypotheses.org\/5036' target=\"_blank\">Reisestipendien der GSU zur EAUH Konferenz 2026<\/a><\/div><time datetime=\"2026-04-13T09:49:32+00:00\" class=\"wp-block-rss__item-publish-date\">April 13, 2026<\/time> <\/li><li class='wp-block-rss__item'><div class='wp-block-rss__item-title'><a href='https:\/\/stadthist.hypotheses.org\/5024' target=\"_blank\">Stellenausschreibung Abteilungsleitung (m\/w\/d) \u201cStadtgeschichte\u201d Stadt Soest<\/a><\/div><time datetime=\"2026-04-07T08:43:59+00:00\" class=\"wp-block-rss__item-publish-date\">April 7, 2026<\/time> <\/li><li class='wp-block-rss__item'><div class='wp-block-rss__item-title'><a href='https:\/\/stadthist.hypotheses.org\/5010' target=\"_blank\">Stellenausschreibung: Abteilungsleitung (m\/w\/d) \u201cStadtgeschichte\u201d (Stadt Soest)<\/a><\/div><time datetime=\"2026-04-07T05:59:34+00:00\" class=\"wp-block-rss__item-publish-date\">April 7, 2026<\/time> <\/li><li class='wp-block-rss__item'><div class='wp-block-rss__item-title'><a href='https:\/\/stadthist.hypotheses.org\/5007' target=\"_blank\">Stellenausschreibung: 1 Leitung (m,w,d) \u201cStadtarchiv\u201d (Hanse- und Universit\u00e4tsstadt Rostock)<\/a><\/div><time datetime=\"2026-03-30T14:07:58+00:00\" class=\"wp-block-rss__item-publish-date\">M\u00e4rz 30, 2026<\/time> <\/li><li class='wp-block-rss__item'><div class='wp-block-rss__item-title'><a href='https:\/\/stadthist.hypotheses.org\/4987' target=\"_blank\">Thomas-Gro\u00dfb\u00f6lting-Dissertationspreis 2026 der GSU<\/a><\/div><time datetime=\"2026-03-24T09:08:39+00:00\" class=\"wp-block-rss__item-publish-date\">M\u00e4rz 24, 2026<\/time> <\/li><\/ul>\n\n\n<div class=\"wp-block-buttons is-horizontal is-content-justification-left is-layout-flex wp-container-core-buttons-is-layout-7e5fce0a wp-block-buttons-is-layout-flex\">\n<div class=\"wp-block-button has-custom-width wp-block-button__width-50\"><a class=\"wp-block-button__link has-white-color has-text-color has-background wp-element-button\" href=\"https:\/\/stadthist.hypotheses.org\/\" style=\"border-radius:3px;background-color:#e7304e\" target=\"_blank\" rel=\"noreferrer noopener\">          Zum GSU Blog         <\/a><\/div>\n<\/div>\n<\/div><\/div>\n\n\n\n<p><\/p>\n<\/div>\n<\/div>\n\n\n\n<div style=\"height:100px\" aria-hidden=\"true\" class=\"wp-block-spacer\"><\/div>\n\n\n\n<h4 class=\"wp-block-heading\" id=\"unser-veranstaltungsarchiv\"><strong>Unsere Veranstaltungen<\/strong><\/h4>\n\n\n<ul class=\"wp-block-latest-posts__list is-grid columns-3 has-dates wp-block-latest-posts\"><li><a class=\"wp-block-latest-posts__post-title\" href=\"https:\/\/gsu-stadtgeschichte.com\/?p=1970\">Stadtgeschichte in a nutshell? Zum Spannungsverh\u00e4ltnis von Wissenschaftlichkeit und popul\u00e4ren Vermittlungsformaten<\/a><time datetime=\"2025-06-16T08:47:08+00:00\" class=\"wp-block-latest-posts__post-date\">Juni 16, 2025<\/time><div class=\"wp-block-latest-posts__post-excerpt\">WORKSHOP Workshop des LWL-Instituts f\u00fcr westf\u00e4lische Regionalgeschichte und der Gesellschaft der Stadt- und Urbanisierungsforschung\/ GSU-Blog \u201eStadtgeschichten\u201c, 4.-5. Juli 2025 04.07.2025\u2026\u00a0<a class=\"wp-block-latest-posts__read-more\" href=\"https:\/\/gsu-stadtgeschichte.com\/?p=1970\" rel=\"noopener noreferrer\"><span class=\"screen-reader-text\">Stadtgeschichte in a nutshell? Zum Spannungsverh\u00e4ltnis von Wissenschaftlichkeit und popul\u00e4ren Vermittlungsformaten <\/span>weiterlesen<\/a><\/div><\/li>\n<li><a class=\"wp-block-latest-posts__post-title\" href=\"https:\/\/gsu-stadtgeschichte.com\/?p=1854\">GSU Nachwuchstagung 2024<\/a><time datetime=\"2024-04-10T11:53:04+00:00\" class=\"wp-block-latest-posts__post-date\">April 10, 2024<\/time><div class=\"wp-block-latest-posts__post-excerpt\">GSU NACHWUCHSTAGUNG 2024 &#8222;Grenz\u00fcberschreitungen&#8220; 15.\/16. November 2024 St\u00e4dte werden oft durch Grenzziehungen definiert: politisch-administrative Grenzen, \u00f6kologische und lebensweltliche Grenzen zwischen\u2026\u00a0<a class=\"wp-block-latest-posts__read-more\" href=\"https:\/\/gsu-stadtgeschichte.com\/?p=1854\" rel=\"noopener noreferrer\"><span class=\"screen-reader-text\">GSU Nachwuchstagung 2024 <\/span>weiterlesen<\/a><\/div><\/li>\n<li><a class=\"wp-block-latest-posts__post-title\" href=\"https:\/\/gsu-stadtgeschichte.com\/?p=1674\">Citizen Science in der Stadtgeschichte, 10-11.11.2022<\/a><time datetime=\"2022-09-27T16:11:29+00:00\" class=\"wp-block-latest-posts__post-date\">September 27, 2022<\/time><div class=\"wp-block-latest-posts__post-excerpt\">Unter dem Schlagwort \u201eCitizen Science\u201c \u2013 oder \u201eB\u00fcrgerwissenschaften\u201c \u2013 erlebt die Forderung, B\u00fcrger*innen in Forschungsprozesse einzubeziehen, derzeit eine neue Konjunktur. Aber auch die Anspr\u00fcche an Wissenschaftler*innen, ihre Erkenntnisse breitenwirksam zu vermitteln, sind gestiegen. Die Bundesregierung, die EU und viele Universit\u00e4ten haben die \u201eB\u00fcrgerwissenschaften\u201c zu einem wissenschaftspolitischen Leitbild erhoben. <\/div><\/li>\n<\/ul>\n\n\n<div class=\"wp-block-buttons is-layout-flex wp-block-buttons-is-layout-flex\">\n<div class=\"wp-block-button\"><a class=\"wp-block-button__link has-white-color has-text-color has-background no-border-radius wp-element-button\" href=\"https:\/\/gsu-stadtgeschichte.com\/?page_id=6\" style=\"background-color:#1d527d\">Zum Veranstaltungsarchiv<\/a><\/div>\n<\/div>\n\n\n\n<div style=\"height:100px\" aria-hidden=\"true\" class=\"wp-block-spacer\"><\/div>\n\n\n\n<h4 class=\"wp-block-heading\" id=\"unsere-publikationen\"><strong>Unsere Publikationen<\/strong><\/h4>\n\n\n\n<div class=\"wp-block-columns alignwide is-layout-flex wp-container-core-columns-is-layout-9d6595d7 wp-block-columns-is-layout-flex\">\n<div class=\"wp-block-column is-layout-flow wp-block-column-is-layout-flow\">\n<hr class=\"wp-block-separator has-text-color has-css-opacity has-background is-style-wide\" style=\"background-color:#cccccc;color:#cccccc\"\/>\n\n\n\n<h4 class=\"wp-block-heading\" id=\"gsu-zeitschrift\">GSU Zeitschrift<\/h4>\n\n\n\n<p class=\"has-black-color has-text-color has-medium-font-size\"><strong>&#8222;Moderne Stadtgeschichte&#8220;<\/strong><\/p>\n\n\n\n<p class=\"has-black-color has-text-color has-normal-font-size\">Letzte Ausgabe: &#8222;Stadt, Klima, Saisonalit\u00e4t&#8220;<\/p>\n\n\n\n<div class=\"wp-block-button alignleft is-style-outline is-style-outline--1\"><a class=\"wp-block-button__link has-white-color has-text-color has-background wp-element-button\" href=\"https:\/\/gsu-stadtgeschichte.com\/?page_id=41\" style=\"border-radius:3px;background-color:#1d527d\">Weiterlesen<\/a><\/div>\n<\/div>\n\n\n\n<div class=\"wp-block-column is-layout-flow wp-block-column-is-layout-flow\">\n<hr class=\"wp-block-separator has-text-color has-css-opacity has-background is-style-wide\" style=\"background-color:#cccccc;color:#cccccc\"\/>\n\n\n\n<h4 class=\"wp-block-heading\" id=\"gsu-buchreihe\">GSU Buchreihe<\/h4>\n\n\n\n<p class=\"has-black-color has-text-color has-medium-font-size\"><strong>&#8222;Beitr\u00e4ge zur Stadtgeschichte und Urbanisierungsforschung&#8220;<\/strong><\/p>\n\n\n\n<p class=\"has-black-color has-text-color has-normal-font-size\">Rainer Liedtke (Hg.), Takahito Mori (Hg.), Katja Schmidtpott (Hg.): The Making of the 20th Century City<\/p>\n\n\n\n<div class=\"wp-block-button alignleft is-style-outline is-style-outline--2\"><a class=\"wp-block-button__link has-white-color has-text-color has-background wp-element-button\" href=\"https:\/\/www.steiner-verlag.de\/brand\/Beitraege-zur-Stadtgeschichte\" style=\"border-radius:3px;background-color:#1d527d\">Weiterlesen<\/a><\/div>\n<\/div>\n<\/div>\n\n\n\n<div style=\"height:100px\" aria-hidden=\"true\" class=\"wp-block-spacer\"><\/div>\n\n\n\n<div class=\"wp-block-media-text is-stacked-on-mobile\"><figure class=\"wp-block-media-text__media\"><img loading=\"lazy\" decoding=\"async\" width=\"485\" height=\"323\" src=\"https:\/\/gsu-stadtgeschichte.com\/wp-content\/uploads\/2025\/03\/TG-Nachruf.jpg\" alt=\"\" class=\"wp-image-1940 size-full\" srcset=\"https:\/\/gsu-stadtgeschichte.com\/wp-content\/uploads\/2025\/03\/TG-Nachruf.jpg 485w, https:\/\/gsu-stadtgeschichte.com\/wp-content\/uploads\/2025\/03\/TG-Nachruf-300x200.jpg 300w\" sizes=\"auto, (max-width: 485px) 100vw, 485px\" \/><\/figure><div class=\"wp-block-media-text__content\">\n<p>In gro\u00dfer Trauer, aber auch voller Dankbarkeit gedenken wir unserem gesch\u00e4tzten Kollegen, Freund und GSU-Vorstandsmitglied Thomas Gro\u00dfb\u00f6lting.<\/p>\n\n\n\n<div class=\"wp-block-file\"><a id=\"wp-block-file--media-889a7b0d-3ab5-420c-a12a-9edc7433dd3e\" href=\"https:\/\/gsu-stadtgeschichte.com\/wp-content\/uploads\/2025\/03\/Nachruf-fuer-Thomas-Grossboelting.pdf\" target=\"_blank\" rel=\"noreferrer noopener\">Nachruf fu\u0308r Thomas Gro\u00dfbo\u0308lting<\/a><a href=\"https:\/\/gsu-stadtgeschichte.com\/wp-content\/uploads\/2025\/03\/Nachruf-fuer-Thomas-Grossboelting.pdf\" class=\"wp-block-file__button wp-element-button\" download aria-describedby=\"wp-block-file--media-889a7b0d-3ab5-420c-a12a-9edc7433dd3e\">Herunterladen<\/a><\/div>\n<\/div><\/div>\n\n\n\n<div style=\"height:100px\" aria-hidden=\"true\" class=\"wp-block-spacer\"><\/div>\n\n\n\n<p><\/p>\n","protected":false},"excerpt":{"rendered":"<p>Aktuelles aus unserem Blog &#8222;Stadtgeschichten&#8220; Unsere Veranstaltungen Unsere Publikationen GSU Zeitschrift &#8222;Moderne Stadtgeschichte&#8220; Letzte Ausgabe: &#8222;Stadt, Klima, Saisonalit\u00e4t&#8220; GSU Buchreihe &#8222;Beitr\u00e4ge zur Stadtgeschichte und Urbanisierungsforschung&#8220; Rainer Liedtke (Hg.), Takahito Mori (Hg.), Katja Schmidtpott (Hg.): The Making of the 20th Century City<\/p>\n","protected":false},"author":2,"featured_media":0,"parent":0,"menu_order":0,"comment_status":"closed","ping_status":"closed","template":"","meta":{"footnotes":""},"class_list":["post-61","page","type-page","status-publish","hentry"],"_links":{"self":[{"href":"https:\/\/gsu-stadtgeschichte.com\/index.php?rest_route=\/wp\/v2\/pages\/61","targetHints":{"allow":["GET"]}}],"collection":[{"href":"https:\/\/gsu-stadtgeschichte.com\/index.php?rest_route=\/wp\/v2\/pages"}],"about":[{"href":"https:\/\/gsu-stadtgeschichte.com\/index.php?rest_route=\/wp\/v2\/types\/page"}],"author":[{"embeddable":true,"href":"https:\/\/gsu-stadtgeschichte.com\/index.php?rest_route=\/wp\/v2\/users\/2"}],"replies":[{"embeddable":true,"href":"https:\/\/gsu-stadtgeschichte.com\/index.php?rest_route=%2Fwp%2Fv2%2Fcomments&post=61"}],"version-history":[{"count":110,"href":"https:\/\/gsu-stadtgeschichte.com\/index.php?rest_route=\/wp\/v2\/pages\/61\/revisions"}],"predecessor-version":[{"id":2011,"href":"https:\/\/gsu-stadtgeschichte.com\/index.php?rest_route=\/wp\/v2\/pages\/61\/revisions\/2011"}],"wp:attachment":[{"href":"https:\/\/gsu-stadtgeschichte.com\/index.php?rest_route=%2Fwp%2Fv2%2Fmedia&parent=61"}],"curies":[{"name":"wp","href":"https:\/\/api.w.org\/{rel}","templated":true}]}}