{"id":41,"date":"2021-01-14T18:33:17","date_gmt":"2021-01-14T17:33:17","guid":{"rendered":"http:\/\/localhost\/Wordpress\/?page_id=41"},"modified":"2026-01-28T13:25:19","modified_gmt":"2026-01-28T13:25:19","slug":"gsu-zeitschrift","status":"publish","type":"page","link":"https:\/\/gsu-stadtgeschichte.com\/?page_id=41","title":{"rendered":"&#8222;Moderne Stadtgeschichte&#8220;"},"content":{"rendered":"\n<p>Die Moderne Stadtgeschichte (MSG) erscheint seit dem Jahr 1970 zweimal j\u00e4hrlich und richtet sich an alle, die auf dem Gebiet der deutschen und internationalen Stadtgeschichte arbeiten. Sie wird herausgegeben in Kooperation mit dem Deutschen Institut f\u00fcr Urbanistik (Difu) und der Gesellschaft f\u00fcr Stadtgeschichte und Urbanisierungsforschung (GSU). Seit 2024 erscheint die MSG Open Access bei Berlin Universities Publishing. Die zur\u00fcckliegenden Jahrg\u00e4nge werden ebenfalls sukzessive Open Access zur Verf\u00fcgung gestellt.<\/p>\n\n\n\n<div class=\"wp-block-buttons is-layout-flex wp-block-buttons-is-layout-flex\">\n<div class=\"wp-block-button\"><a class=\"wp-block-button__link wp-element-button\" href=\"https:\/\/www.moderne-stadtgeschichte.de\/index.php\/msg\" target=\"_blank\" rel=\"noreferrer noopener\">Moderne Stadtgeschichte<\/a><\/div>\n<\/div>\n\n\n\n<p><\/p>\n\n\n\n<p><strong>Herausgeber_innen:<\/strong> Martin Baumeister, Christoph Bernhardt, Dorothee Brantz, Kertin Br\u00fcckweh, Moritz F\u00f6llmer, Sebastian Haumann, Heidi Hein-Kircher, Martina He\u00dfler, Martin Kohlrausch, Friedrich Lenger, Christoph Lorke, Sabine Mecking, Gisela Mettele, Susanne Rau, Christiane Reinecke, Ralf Roth, Dieter Schott, Bettina Severin-Barboutie und Clemens Zimmermann.<\/p>\n\n\n\n<p>Beitr\u00e4ge einreichen: F\u00fcr Manuskriptangebote und Fragen zur MSG kontaktieren Sie bitte Sebastian Haumann (<a href=\"sebastian.haumann@plus.ac.at\">sebastian.haumann@plus.ac.at<\/a>). Eingereichte Manuskripte werden einem peer-review Verfahren unterzogen. Weitere Informationen zur Manuskriptgestaltung finden Sie <a rel=\"noreferrer noopener\" href=\"https:\/\/gsutest.uber.space\/wp-content\/uploads\/2021\/04\/MSG-Handreichung_Autor_innen.pdf\" target=\"_blank\">hier<\/a>.<\/p>\n\n\n\n<div style=\"height:54px\" aria-hidden=\"true\" class=\"wp-block-spacer\"><\/div>\n\n\n\n<div class=\"wp-block-columns alignwide is-layout-flex wp-container-core-columns-is-layout-9d6595d7 wp-block-columns-is-layout-flex\">\n<div class=\"wp-block-column is-layout-flow wp-block-column-is-layout-flow\" style=\"flex-basis:79%\">\n<p id=\"block-38263468-a400-4c14-92dd-fcca6a0a1a78\"><strong>Moderne Stadtgeschichte (MSG)<\/strong><\/p>\n\n\n\n<h4 class=\"wp-block-heading has-text-color\" id=\"block-95796c2f-5f91-4f08-b67e-d14f9f255954\" style=\"color:#0071a1\">Stadt, Klima, Saisonalit\u00e4t<\/h4>\n\n\n\n<figure class=\"wp-block-image size-full is-resized\"><img loading=\"lazy\" decoding=\"async\" width=\"1024\" height=\"1536\" src=\"https:\/\/gsu-stadtgeschichte.com\/wp-content\/uploads\/2026\/01\/MSG_Deckblatt-2_2025.jpg\" alt=\"\" class=\"wp-image-2005\" style=\"width:552px;height:auto\" srcset=\"https:\/\/gsu-stadtgeschichte.com\/wp-content\/uploads\/2026\/01\/MSG_Deckblatt-2_2025.jpg 1024w, https:\/\/gsu-stadtgeschichte.com\/wp-content\/uploads\/2026\/01\/MSG_Deckblatt-2_2025-200x300.jpg 200w, https:\/\/gsu-stadtgeschichte.com\/wp-content\/uploads\/2026\/01\/MSG_Deckblatt-2_2025-683x1024.jpg 683w, https:\/\/gsu-stadtgeschichte.com\/wp-content\/uploads\/2026\/01\/MSG_Deckblatt-2_2025-768x1152.jpg 768w\" sizes=\"auto, (max-width: 1024px) 100vw, 1024px\" \/><\/figure>\n\n\n\n<p id=\"block-01103554-1f71-4a01-a312-89fefa64be75\">Moderne Stadtgeschichte MSG, Bd. 56 Nr. 2 (2025)<\/p>\n\n\n\n<div class=\"wp-block-buttons is-layout-flex wp-block-buttons-is-layout-flex\">\n<div class=\"wp-block-button\"><a class=\"wp-block-button__link wp-element-button\" href=\"https:\/\/moderne-stadtgeschichte.de\/index.php\/msg\/issue\/view\/12\" target=\"_blank\" rel=\"noreferrer noopener\">Zur aktuellen Ausgabe<\/a><\/div>\n<\/div>\n<\/div>\n<\/div>\n\n\n\n<div class=\"wp-block-group\"><div class=\"wp-block-group__inner-container is-layout-flow wp-block-group-is-layout-flow\"><\/div><\/div>\n\n\n\n<div style=\"height:106px\" aria-hidden=\"true\" class=\"wp-block-spacer\"><\/div>\n\n\n\n<h4 class=\"wp-block-heading\" id=\"altere-ausgaben\"><strong>\u00c4ltere Ausgaben<\/strong><\/h4>\n\n\n\n<figure class=\"wp-block-table is-style-stripes\"><table><thead><tr><th><span class=\"has-inline-color has-black-color\">Heft Nr.<\/span><\/th><th><span class=\"has-inline-color has-black-color\">Titel der Ausgabe<\/span><\/th><\/tr><\/thead><tbody><tr><td>1\/2025<\/td><td><a href=\"https:\/\/moderne-stadtgeschichte.de\/index.php\/msg\/issue\/view\/7\" target=\"_blank\" rel=\"noreferrer noopener\">Die Stadt und der Tod<\/a><\/td><\/tr><tr><td>2\/2024<\/td><td><a href=\"https:\/\/www.moderne-stadtgeschichte.de\/index.php\/msg\/issue\/view\/4\" target=\"_blank\" rel=\"noreferrer noopener\">Die Stadt als Ort der Erinnerung an den Nationalsozialismus und seiner Verbrechen<\/a><\/td><\/tr><tr><td>1\/2024<\/td><td><a href=\"https:\/\/difu.de\/publikationen\/2024\/citizen-science\" target=\"_blank\" rel=\"noreferrer noopener\">Citizen Science. Akademische und b\u00fcrgerschaftliche Stadtgeschichtsforschung<\/a><\/td><\/tr><tr><td>2\/2023<\/td><td><a href=\"https:\/\/difu.de\/publikationen\/2023\/stadtrevier\" target=\"_blank\" rel=\"noreferrer noopener\">Stadtrevier &#8211; Polizei und Sicherheit in urbanen R\u00e4umen<\/a><\/td><\/tr><tr><td>1\/2023<\/td><td><a href=\"https:\/\/difu.de\/publikationen\/2023\/stadt-und-inflation\" target=\"_blank\" rel=\"noreferrer noopener\">Stadt und Inflation<\/a><\/td><\/tr><tr><td>2\/2022<\/td><td><a href=\"https:\/\/difu.de\/publikationen\/2022\/staedte-im-russlaendischen-imperium\" target=\"_blank\" rel=\"noreferrer noopener\">St\u00e4dte im Russl\u00e4ndischen Imperium<\/a><\/td><\/tr><tr><td>1\/2022<\/td><td><a href=\"https:\/\/difu.de\/publikationen\/2022\/urbanitaet-und-religion\" target=\"_blank\" rel=\"noreferrer noopener\">Urbanit\u00e4t und Religion<\/a><\/td><\/tr><tr><td>2\/2021<\/td><td><a href=\"https:\/\/difu.de\/publikationen\/2021\/urbane-temporalitaeten\" target=\"_blank\" rel=\"noreferrer noopener\">Urbane Temporalit\u00e4ten<\/a><\/td><\/tr><tr><td>1\/2021<\/td><td><a href=\"https:\/\/difu.de\/publikationen\/2021\/staedtisches-wissen\" target=\"_blank\" rel=\"noreferrer noopener\">St\u00e4dtisches Wissen<\/a><\/td><\/tr><tr><td>2\/2020<\/td><td><a href=\"https:\/\/difu.de\/publikationen\/2020\/50-jahre-moderne-stadtgeschichte\" target=\"_blank\" rel=\"noreferrer noopener\">50 Jahre Moderne Stadtgeschichte<\/a><\/td><\/tr><tr><td>1\/2020<\/td><td><a href=\"https:\/\/difu.de\/publikationen\/2020\/spaces-of-fear-angstraeume\" target=\"_blank\" rel=\"noreferrer noopener\">Spaces of Fear &#8211; Angstr\u00e4ume<\/a><\/td><\/tr><tr><td>2\/2019<\/td><td><a href=\"https:\/\/difu.de\/publikationen\/2019\/stadt-und-vergnuegen\" target=\"_blank\" rel=\"noreferrer noopener\">Stadt und Vergn\u00fcgen<\/a><\/td><\/tr><tr><td>1\/2019<\/td><td><a href=\"https:\/\/difu.de\/publikationen\/2019\/rathausplaetze\" target=\"_blank\" rel=\"noreferrer noopener\">Rathauspl\u00e4tze<\/a><\/td><\/tr><tr><td>2\/2018<\/td><td><a rel=\"noreferrer noopener\" href=\"https:\/\/difu.de\/publikationen\/2018\/pfade-des-urbanen\" target=\"_blank\">Pfade des Urbanen<\/a><\/td><\/tr><tr><td>1\/2018<\/td><td><a href=\"https:\/\/difu.de\/publikationen\/2018\/die-osmanische-stadt\" target=\"_blank\" rel=\"noreferrer noopener\">Die Osmanische Stadt<\/a><\/td><\/tr><tr><td>1\/2017<\/td><td><span class=\"has-inline-color has-black-color\"><a href=\"https:\/\/difu.de\/publikationen\/2017\/sounds-of-the-towns-stadt-und-musik\" target=\"_blank\" rel=\"noreferrer noopener\">Sound of the Towns \u2013 Stadt und Musik<\/a><\/span><\/td><\/tr><tr><td>2\/2016<\/td><td><span class=\"has-inline-color has-black-color\"><a href=\"https:\/\/difu.de\/publikationen\/2016\/stadt-und-romantik\" target=\"_blank\" rel=\"noreferrer noopener\">Stadt und Romantik<\/a><\/span><\/td><\/tr><tr><td>1\/2016<\/td><td><span class=\"has-inline-color has-black-color\"><a href=\"https:\/\/difu.de\/publikationen\/2016\/staedtisches-erbe-urban-heritage\" target=\"_blank\" rel=\"noreferrer noopener\">St\u00e4dtisches Erbe \u2013 Urban Heritage<\/a><\/span><\/td><\/tr><tr><td>2\/2015<\/td><td><a href=\"https:\/\/difu.de\/publikationen\/2015\/stadt-und-jugendkulturen\" target=\"_blank\" rel=\"noreferrer noopener\">Stadt und Jugendkulturen<\/a><\/td><\/tr><tr><td>1\/2015<\/td><td><a href=\"https:\/\/difu.de\/publikationen\/2015\/stadt-und-infrastruktur\" target=\"_blank\" rel=\"noreferrer noopener\">Stadt und Infrastruktur<\/a><\/td><\/tr><tr><td>2\/2014<\/td><td><a href=\"https:\/\/difu.de\/publikationen\/2014\/stadt-und-armut-im-langen-19-jahrhundert\" target=\"_blank\" rel=\"noreferrer noopener\">Stadt und Armut im langen 19. Jahrhundert<\/a><\/td><\/tr><tr><td>1\/2014<\/td><td><a href=\"https:\/\/difu.de\/publikationen\/2014\/die-reform-der-grossstadt\" target=\"_blank\" rel=\"noreferrer noopener\">Die Reform der Gro\u00dfstadt<\/a><\/td><\/tr><tr><td>2\/2013<\/td><td><a href=\"https:\/\/difu.de\/publikationen\/2013\/stadt-raum-und-gewalt\" target=\"_blank\" rel=\"noreferrer noopener\">Stadt, Raum und Gewalt<\/a><\/td><\/tr><tr><td>1\/2013<\/td><td><a href=\"https:\/\/difu.de\/publikationen\/2013\/westeuropaeische-grosssiedlungen\" target=\"_blank\" rel=\"noreferrer noopener\">Westeurop\u00e4ische Gro\u00dfsiedlungen<\/a><\/td><\/tr><tr><td>2\/2012<\/td><td><a href=\"https:\/\/difu.de\/publikationen\/2013\/urbanisierung-im-20-jahrhundert\" target=\"_blank\" rel=\"noreferrer noopener\">Urbanisierung im 20. Jahrhundert<\/a><\/td><\/tr><tr><td>1\/2012<\/td><td><a href=\"https:\/\/difu.de\/publikationen\/2012\/industriestaedte-neue-perspektiven\" target=\"_blank\" rel=\"noreferrer noopener\">Industriest\u00e4dte \u2013 neue Perspektiven<\/a><\/td><\/tr><tr><td>2\/2011<\/td><td><a href=\"https:\/\/difu.de\/publikationen\/2012\/urban-icons\" target=\"_blank\" rel=\"noreferrer noopener\">Urban Icons<\/a><\/td><\/tr><tr><td>1\/2011<\/td><td><a href=\"https:\/\/difu.de\/publikationen\/2011\/stadt-und-familie\" target=\"_blank\" rel=\"noreferrer noopener\">Stadt und Familie<\/a><\/td><\/tr><tr><td>2\/2010<\/td><td><a href=\"https:\/\/difu.de\/publikationen\/2010\/stadt-und-nachhaltigkeit\" target=\"_blank\" rel=\"noreferrer noopener\">Stadt und Nachhaltigkeit<\/a><\/td><\/tr><tr><td>1\/2010<\/td><td><a href=\"https:\/\/difu.de\/publikationen\/2010\/der-wettbewerb-gross-berlin-1910-im-internationalen-kontext\" target=\"_blank\" rel=\"noreferrer noopener\">Der Wettbewerb Gro\u00df-Berlin 1910 im internationalen Kontext<\/a><\/td><\/tr><tr><td>2\/2009<\/td><td><a href=\"https:\/\/difu.de\/publikationen\/2009\/tiere-in-der-stadt\" target=\"_blank\" rel=\"noreferrer noopener\">Tiere in der Stadt<\/a><\/td><\/tr><tr><td>1\/2009<\/td><td><a href=\"https:\/\/difu.de\/publikationen\/2009\/staedte-in-suedeuropa\" target=\"_blank\" rel=\"noreferrer noopener\">St\u00e4dte in S\u00fcdeuropa<\/a><\/td><\/tr><tr><td>2\/2008<\/td><td><a href=\"https:\/\/difu.de\/publikationen\/2008\/staedtische-kulturfoerderung\" target=\"_blank\" rel=\"noreferrer noopener\">St\u00e4dtische Kulturf\u00f6rderung<\/a><\/td><\/tr><tr><td>1\/2008<\/td><td><a href=\"https:\/\/difu.de\/publikationen\/2008\/stadt-und-industriekultur\" target=\"_blank\" rel=\"noreferrer noopener\">Stadt und Industriekultur<\/a><\/td><\/tr><tr><td>2\/2007<\/td><td><a href=\"https:\/\/difu.de\/publikationen\/2007\/stadt-und-migration\" target=\"_blank\" rel=\"noreferrer noopener\">Stadt und Migration<\/a><\/td><\/tr><tr><td>1\/2007<\/td><td><a href=\"https:\/\/difu.de\/publikationen\/2007\/die-europaeische-und-die-amerikanische-stadt\" target=\"_blank\" rel=\"noreferrer noopener\">Die europ\u00e4ische und die amerikanische Stadt<\/a><\/td><\/tr><tr><td>2\/2006<\/td><td><a href=\"https:\/\/difu.de\/publikationen\/2006\/stadt-und-verkehr\" target=\"_blank\" rel=\"noreferrer noopener\">Stadt und Verkehr<\/a><\/td><\/tr><tr><td>1\/2006<\/td><td><a href=\"https:\/\/difu.de\/publikationen\/2006\/stadt-und-fussball\" target=\"_blank\" rel=\"noreferrer noopener\">Stadt und Fu\u00dfball<\/a><\/td><\/tr><tr><td>2\/2005<\/td><td><a href=\"https:\/\/difu.de\/publikationen\/2005\/stadt-und-juedisches-leben\" target=\"_blank\" rel=\"noreferrer noopener\">Stadt und j\u00fcdisches Leben<\/a><\/td><\/tr><tr><td>1\/2005<\/td><td><a href=\"https:\/\/difu.de\/publikationen\/2005\/stadtbilder-und-stadtrepraesentationen\" target=\"_blank\" rel=\"noreferrer noopener\">Stadtbilder und Stadtrepr\u00e4sentationen<\/a><\/td><\/tr><tr><td>2\/2004<\/td><td><a href=\"https:\/\/difu.de\/publikationen\/2004\/stadt-und-krieg-im-20-jahrhundert\" target=\"_blank\" rel=\"noreferrer noopener\">Stadt und Krieg im 20. Jahrhundert<\/a><\/td><\/tr><tr><td>1\/2004<\/td><td><a href=\"https:\/\/difu.de\/publikationen\/2004\/stadtraum-und-geschlechterperspektiven\" target=\"_blank\" rel=\"noreferrer noopener\">Stadtraum und Geschlechterperspektiven<\/a><\/td><\/tr><\/tbody><\/table><\/figure>\n","protected":false},"excerpt":{"rendered":"<p>Die Moderne Stadtgeschichte (MSG) erscheint seit dem Jahr 1970 zweimal j\u00e4hrlich und richtet sich an alle, die auf dem Gebiet der deutschen und internationalen Stadtgeschichte arbeiten. Sie wird herausgegeben in Kooperation mit dem Deutschen Institut f\u00fcr Urbanistik (Difu) und der Gesellschaft f\u00fcr Stadtgeschichte und Urbanisierungsforschung (GSU). Seit 2024 erscheint die MSG Open Access bei Berlin [&hellip;]<\/p>\n","protected":false},"author":2,"featured_media":0,"parent":405,"menu_order":0,"comment_status":"closed","ping_status":"closed","template":"templates\/template-full-width.php","meta":{"footnotes":""},"class_list":["post-41","page","type-page","status-publish","hentry"],"_links":{"self":[{"href":"https:\/\/gsu-stadtgeschichte.com\/index.php?rest_route=\/wp\/v2\/pages\/41","targetHints":{"allow":["GET"]}}],"collection":[{"href":"https:\/\/gsu-stadtgeschichte.com\/index.php?rest_route=\/wp\/v2\/pages"}],"about":[{"href":"https:\/\/gsu-stadtgeschichte.com\/index.php?rest_route=\/wp\/v2\/types\/page"}],"author":[{"embeddable":true,"href":"https:\/\/gsu-stadtgeschichte.com\/index.php?rest_route=\/wp\/v2\/users\/2"}],"replies":[{"embeddable":true,"href":"https:\/\/gsu-stadtgeschichte.com\/index.php?rest_route=%2Fwp%2Fv2%2Fcomments&post=41"}],"version-history":[{"count":57,"href":"https:\/\/gsu-stadtgeschichte.com\/index.php?rest_route=\/wp\/v2\/pages\/41\/revisions"}],"predecessor-version":[{"id":2007,"href":"https:\/\/gsu-stadtgeschichte.com\/index.php?rest_route=\/wp\/v2\/pages\/41\/revisions\/2007"}],"up":[{"embeddable":true,"href":"https:\/\/gsu-stadtgeschichte.com\/index.php?rest_route=\/wp\/v2\/pages\/405"}],"wp:attachment":[{"href":"https:\/\/gsu-stadtgeschichte.com\/index.php?rest_route=%2Fwp%2Fv2%2Fmedia&parent=41"}],"curies":[{"name":"wp","href":"https:\/\/api.w.org\/{rel}","templated":true}]}}