{"id":30,"date":"2021-01-14T18:28:50","date_gmt":"2021-01-14T17:28:50","guid":{"rendered":"http:\/\/localhost\/Wordpress\/?page_id=30"},"modified":"2022-05-23T15:49:48","modified_gmt":"2022-05-23T15:49:48","slug":"satzung","status":"publish","type":"page","link":"https:\/\/gsu-stadtgeschichte.com\/?page_id=30","title":{"rendered":"Satzung"},"content":{"rendered":"\n<div class=\"wp-block-columns is-layout-flex wp-container-core-columns-is-layout-9d6595d7 wp-block-columns-is-layout-flex\">\n<div class=\"wp-block-column is-layout-flow wp-block-column-is-layout-flow\">\n<div class=\"wp-block-group\"><div class=\"wp-block-group__inner-container is-layout-flow wp-block-group-is-layout-flow\">\n<div class=\"wp-block-group has-black-color has-text-color\"><div class=\"wp-block-group__inner-container is-layout-flow wp-block-group-is-layout-flow\">\n<h2 class=\"wp-block-heading\">Satzung der GSU<\/h2>\n\n\n\n<div style=\"height:20px\" aria-hidden=\"true\" class=\"wp-block-spacer\"><\/div>\n\n\n\n<p class=\"has-black-color has-text-color\"><strong><span class=\"has-inline-color has-black-color\">\u00a71 Name, Sitz<\/span><\/strong><\/p>\n\n\n\n<p class=\"has-black-color has-text-color\">Der Verein f\u00fchrt die Bezeichnung Gesellschaft f\u00fcr Stadtgeschichte und Urbanisierungsforschung e.V. (im folgenden Gesellschaft genannt). Er ist ein eingetragener Verein des b\u00fcrgerlichen Rechts und hat seinen Sitz in Berlin.<\/p>\n\n\n\n<p class=\"has-black-color has-text-color\"><strong>\u00a72 Zweck der Gesellschaft *<\/strong><\/p>\n\n\n\n<p class=\"has-black-color has-text-color\">(1) Der alleinige Zweck der Gesellschaft ist die unmittelbare, m\u00f6glichst vielgestaltige F\u00f6rderung von Wissenschaft und interdisziplin\u00e4rer Forschung auf dem Gebiet der Stadtgeschichte und Urbanisierung, insbesondere durch:<\/p>\n\n\n\n<ul class=\"wp-block-list\"><li>die Durchf\u00fchrung gemeinsamer Tagungen f\u00fcr die Fach\u00f6ffentlichkeit<\/li><li>die Beantragung und Durchf\u00fchrung von Forschungsvorhaben, deren Ergebnisse ver\u00f6ffentlicht werden, bei nationalen wie internationalen Institutionen der Forschungsf\u00f6rderung<\/li><li>die F\u00f6rderung des wissenschaftlichen Nachwuchses, vor allem durch die Einladung zu Tagungen und die Vergabe von Preisen f\u00fcr hervorragende wissenschaftliche Leistungen<\/li><li>die Herausgabe eines Publikationsorgans (derzeit: Informationen f\u00fcr moderne Stadtgeschichte)<\/li><li>sowie einer Publikationsreihe, die \u2013 ebenso wie das Publikationsorgan \u2013 von der Gesellschaft redaktionell bearbeitet und verantwortet, aber nicht selbst\u00e4ndig verlegt wird. Zur Ver\u00f6ffentlichung kommen in dieser Publikationsreihe insbesondere: Tagungsergebnisse, hervorragende Studien des wissenschaftlichen Nachwuchses, den Forschungsstand res\u00fcmierende \u00dcberblicksdarstellungen sowie qualit\u00e4tvolle Monographien, die zu weiterer Forschung anregen.<\/li><\/ul>\n\n\n\n<p class=\"has-black-color has-text-color\">(2) Die Gesellschaft verfolgt ausschlie\u00dflich und unmittelbar gemeinn\u00fctzige Zwecke im Sinne des Abschnitts \u201cSteuerbeg\u00fcnstigte Zwecke\u201d der Abgabenordnung.<\/p>\n\n\n\n<p class=\"has-black-color has-text-color\">Die Gesellschaft ist selbstlos t\u00e4tig, sie verfolgt in erster Linie eigenwirtschaftliche Zwecke.<\/p>\n\n\n\n<p class=\"has-black-color has-text-color\">Mittel der Gesellschaft d\u00fcrfen nur f\u00fcr die satzungsgem\u00e4\u00dfen Zwecke verwendet werden. Die Mitglieder erhalten keine Zuwendungen aus Mitteln der Gesellschaft. Es darf keine Person durch unverh\u00e4ltnism\u00e4\u00dfig hohe Verg\u00fctungen oder durch Ausgaben, die dem Zweck der Gesellschaft fremd sind beg\u00fcnstigt werden.<\/p>\n\n\n\n<p class=\"has-black-color has-text-color\"><strong>\u00a73 Mitgliedschaft<\/strong><\/p>\n\n\n\n<p class=\"has-black-color has-text-color\">(1) Der Verein besteht aus ordentlichen Mitgliedern mit vollem Stimmrecht sowie Ehrenmitgliedern und korrespondierenden Mitgliedern mit beratender Stimme. Dar\u00fcber hinaus k\u00f6nnen auch nat\u00fcrliche und juristische Personen als f\u00f6rdernde Mitglieder mit beratender Stimme aufgenommen werden.<\/p>\n\n\n\n<p class=\"has-black-color has-text-color\">(2) Ordentliches Mitglied kann jede Person werden, die nachweislich wissenschaftlich auf dem Gebiet des Vereinszweckes arbeitet.<\/p>\n\n\n\n<p class=\"has-black-color has-text-color\">(3) Der Antrag auf Aufnahme in die Gesellschaft ist schriftlich an den Vorstand zu richten, der \u00fcber die Aufnahme entscheidet. Mit der Aufnahme erkennt das Mitglied die Satzung der Gesellschaft an.<\/p>\n\n\n\n<p class=\"has-black-color has-text-color\">(4) Die Mitgliedschaft erlischt durch<\/p>\n\n\n\n<p class=\"has-black-color has-text-color\">a) Tod des Mitglieds, bei institutionellen Mitgliedern mit deren rechtskr\u00e4ftiger Aufl\u00f6sung;<\/p>\n\n\n\n<p class=\"has-black-color has-text-color\">b) schriftliche Austrittserkl\u00e4rung, die innerhalb einer Frist von 6 Monaten vor Ablauf des Kalenderjahres an den Vorstand gerichtet werden muss, und<\/p>\n\n\n\n<p class=\"has-black-color has-text-color\">c) durch Ausschluss aus dem Verein, insbesondere dann, wenn das Mitglied trotz Mahnung mit der Zahlung des Beitrags l\u00e4nger als ein Jahr im R\u00fcckstand ist.<\/p>\n\n\n\n<p class=\"has-black-color has-text-color\"><strong>\u00a7 4 Mitgliedsbeitr\u00e4ge<\/strong><\/p>\n\n\n\n<p class=\"has-black-color has-text-color\">Die H\u00f6he des Mitgliedsbeitrages wird von der Mitgliederversammlung mit einfacher Mehrheit festgelegt. Die Beitr\u00e4ge sind am 1. Februar jeden Jahres zahlbar. Nach diesem Termin wird von der Schatzmeisterin\/dem Schatzmeister kostenpflichtig gemahnt.<\/p>\n\n\n\n<p class=\"has-black-color has-text-color\"><strong>\u00a7 5 Organe<\/strong><\/p>\n\n\n\n<p class=\"has-black-color has-text-color\">Organe der Gesellschaft sind<\/p>\n\n\n\n<p class=\"has-black-color has-text-color\">a) die Mitgliederversammlung<\/p>\n\n\n\n<p class=\"has-black-color has-text-color\">b) der Vorstand.<\/p>\n\n\n\n<p class=\"has-black-color has-text-color\"><strong>\u00a7 6 Mitgliederversammlung<\/strong><\/p>\n\n\n\n<p class=\"has-black-color has-text-color\">Die Mitgliederversammlung ist das oberste Vereinsorgan. Teilnahmeberechtigt sind alle Mitglieder.<\/p>\n\n\n\n<p class=\"has-black-color has-text-color\">Ihr obliegen insbesondere die Wahlen des Vorstands und gegebenenfalls die Aufnahme von Ehrenmitgliedern und f\u00f6rdernden Mitgliedern, die Genehmigung der Rechenschaftsberichte, die Entlastung des Vorstandes und der Schatzmeisterin\/des Schatzmeisters nach erfolgter Rechnungspr\u00fcfung, die Beschlussfassung \u00fcber Ort und Zeitraum der n\u00e4chsten Mitgliederversammlung, \u00fcber Satzungs\u00e4nderungen und \u00fcber die Aufl\u00f6sung der Gesellschaft.<\/p>\n\n\n\n<p class=\"has-black-color has-text-color\">Die Mitgliederversammlung findet regelm\u00e4\u00dfig alle zwei Jahre statt. Sie kann vom Vorstand auch \u00f6fter anberaumt werden. Sie wird von der\/dem Vorsitzenden unter Bekanntgabe der vorl\u00e4ufigen Tagesordnung mit einer Frist von vier Wocheneinberufen und geleitet. Sie muss auch auf Antrag von 10 Prozent der Mitglieder einberufen werden. Sie ist unabh\u00e4ngig von der Anzahl der erschienenen Mitglieder beschlussf\u00e4hig. Die Beschl\u00fcsse werden mit einfacher Mehrheit gefasst. Satzungs\u00e4nderungen sowie der Beschluss der Aufl\u00f6sung der Gesellschaft bed\u00fcrfen einer Zweidrittelmehrheit der auf der Mitgliederversammlung Anwesenden.<\/p>\n\n\n\n<p class=\"has-black-color has-text-color\">Antr\u00e4ge, die in der Mitgliederversammlung zur Verhandlung kommen sollen, sind 14 Tage vorher an die Vorsitzende\/den Vorsitzenden zu richten.<\/p>\n<\/div><\/div>\n<\/div><\/div>\n<\/div>\n\n\n\n<div class=\"wp-block-column is-layout-flow wp-block-column-is-layout-flow\">\n<div class=\"wp-block-group\"><div class=\"wp-block-group__inner-container is-layout-flow wp-block-group-is-layout-flow\">\n<p class=\"has-black-color has-text-color\" id=\"block-ac4dd2c5-b5f8-40fd-bbed-a1ab64ed780b\">Von der Mitgliederversammlung wird eine Niederschrift angefertigt. Sie wird von der\/dem Vorsitzenden und der Schriftf\u00fchrerin\/dem Schriftf\u00fchrer unterzeichnet.<\/p>\n\n\n\n<p class=\"has-black-color has-text-color\" id=\"block-ac4dd2c5-b5f8-40fd-bbed-a1ab64ed780b\"><strong>\u00a77 Vorstand<\/strong><\/p>\n\n\n\n<p class=\"has-black-color has-text-color\" id=\"block-18024c7e-26fe-49e6-bdb0-fea2db7ecd5a\">Der Vorstand besteht aus der\/dem Vorsitzenden, zwei stellvertretenden Vorsitzenden, der Schriftf\u00fchrerin\/dem Schriftf\u00fchrer, der Schatzmeisterin\/dem Schatzmeister sowie drei Beisitzerinnen\/Beisitzern.<\/p>\n\n\n\n<p class=\"has-black-color has-text-color\" id=\"block-8b1d5559-f8ee-4b27-8e8c-7f575ec4c892\">Bei Stimmengleichheit entscheidet das Votum des Vorsitzenden.<\/p>\n\n\n\n<p class=\"has-black-color has-text-color\" id=\"block-1047e775-f372-455b-b059-c2a8c56674dc\">Der Vorstand wird von der Mitgliederversammlung f\u00fcr die Dauer von zwei Jahren gew\u00e4hlt. Der Vorstand bleibt so lange im Amt, bis ein neuer Vorstand gew\u00e4hlt ist. Wiederwahl ist zul\u00e4ssig. Im Falle der Beendigung der Mitgliedschaft in der Gesellschaft endet auch das Amt eines Vorstandsmitglieds.<\/p>\n\n\n\n<p class=\"has-black-color has-text-color\" id=\"block-ca28e914-4771-4441-ae63-728380e673f8\">Scheidet ein Mitglied innerhalb einer Wahlperiode aus dem Vorstand aus, so kann der Vorstand bis zum Schluss der Wahlperiode durch die Mitglieder-versammlung eine Erg\u00e4nzungswahl vornehmen lassen. Das Abstimmungs-verfahren kann schriftlich erfolgen.<\/p>\n\n\n\n<p class=\"has-black-color has-text-color\" id=\"block-3d40a989-3a4d-4d38-9abd-c9a4a4831eb4\">Der Vorstand besorgt alle Angelegenheiten der Gesellschaft, soweit diese nicht der Mitgliederversammlung vorbehalten sind, und vertritt die Gesamtheit aller Mitglieder gerichtlich und au\u00dfergerichtlich.<\/p>\n\n\n\n<p class=\"has-black-color has-text-color\" id=\"block-52b0c412-8118-4c21-abde-341d47dbda67\">Jedes Vorstandsmitglied ist einzeln vertretungsberechtigt.<\/p>\n\n\n\n<p class=\"has-black-color has-text-color\" id=\"block-ddbc18df-1a6b-4b4c-8e1c-f520aab1fbf7\"><strong>\u00a7 8 Vorsitzende\/r, stellvertretende Vorsitzende, Beisitzer\/innen<\/strong><\/p>\n\n\n\n<p class=\"has-black-color has-text-color\" id=\"block-e6fdb194-69da-4c4e-b4e7-b08c94ce5750\">Die\/der Vorsitzende leitet den Vorstand und beruft ihn mindestens einmal im Jahr ein. Die Einladung erfolgt schriftlich oder m\u00fcndlich sp\u00e4testens 15 Tage vorher unter Angabe einer Tagesordnung.<\/p>\n\n\n\n<p class=\"has-black-color has-text-color\" id=\"block-a3f3043d-5256-46d2-9e4d-5667d24afc74\">Der\/dem Vorsitzenden obliegt die Gesch\u00e4ftsf\u00fchrung der Gesellschaft mit Ausnahme von Mitglieds? und Kassenangelegenheiten. Sie\/er beruft die Mitgliederversammlung ein und leitet sie sowie die von der Gesellschaft veranstaltete Tagungen und andere wissenschaftliche Begegnungen.<\/p>\n\n\n\n<p class=\"has-black-color has-text-color\" id=\"block-c35a357d-1641-43ba-9560-3a673b657885\">Sie\/er stellt dem\/der Schatzmeister\/in den Finanzplan f\u00fcr das folgende Jahr auf und legt ihn dem Vorstand zur Best\u00e4tigung vor.<\/p>\n\n\n\n<p class=\"has-black-color has-text-color\" id=\"block-80a3c8dc-c49d-4a88-a8fe-9a27c31cd8dd\">Kassenverf\u00fcgungen der Schatzmeisterin\/des Schatzmeisters werden von ihr\/ihm mitunterzeichnet, sofern sie die Summe von DM 10.000,?? (i. W.: Deutsche Mark Zehntausend) \u00fcberschreiten. Der Vorstand kann eine Aufteilung der Gesch\u00e4ftsf\u00fchrung zwischen der\/dem Vorsitzenden, den stellvertretenden Vorsitzenden und den Beisitzerinnen\/Beisitzern festlegen.<\/p>\n\n\n\n<p class=\"has-black-color has-text-color\" id=\"block-fe813ea4-2ce8-4613-9bb3-ea464c5cc956\"><strong>\u00a7 9 Schatzmeister\/in<\/strong><\/p>\n\n\n\n<p class=\"has-black-color has-text-color\" id=\"block-5f77296b-8760-4682-aeda-148e77c3f824\">Der Schatzmeisterin\/dem Schatzmeister obliegt die Einziehung der auf der Basis der von ihr\/ihm gef\u00fchrten Mitgliederliste, die Anlage der f\u00fcr l\u00e4ngere Zeit ungenutzt liegenden Teile des Verm\u00f6gens im Einvernehmen mit dem Vorstand, so u. a. die verm\u00f6gensrechtliche Vertretung der Gesellschaft sowie die Auszahlung von Kassenverf\u00fcgungen, die, sofern sie die Summe von DM 10.000,? (i. W.: Deutsche Mark Zehntausend) \u00fcberschreiten, stets von der\/dem Vorsitzenden gegenzuzeichnen sind.<\/p>\n\n\n\n<p class=\"has-black-color has-text-color\" id=\"block-038229a0-80f2-494f-aa6a-739443c144aa\">Die Schatzmeisterin\/der Schatzmeister hat \u00fcber ihre\/seine Amtsf\u00fchrung Rechnung zu legen und den Kassenbericht zu erstatten. Sie\/er hat die Akten \u00fcber den Kassenbericht zu verwahren. Sie\/er kann sich auf Antrag in besonderen F\u00e4llen von einem Vorstandsmitglied vertreten lassen.<\/p>\n\n\n\n<p class=\"has-black-color has-text-color\" id=\"block-d11e05ca-42cb-4c0c-b6a9-8b11b8e0d0bc\"><strong>\u00a7 10 Schriftf\u00fchrer\/in<\/strong><\/p>\n\n\n\n<p class=\"has-black-color has-text-color\" id=\"block-a0ddd1ab-944d-42e3-9c25-134b0d643890\">Die Schriftf\u00fchrerin\/der Schriftf\u00fchrer unterst\u00fctzt die\/den Vorsitzende\/n bei der Gesch\u00e4ftsf\u00fchrung. Sie\/er f\u00fchrt die Protokolle der Vorstandssitzung ebenso wie der Mitgliederversammlung und verwahrt die anfallenden Akten der Gesch\u00e4ftsf\u00fchrung, au\u00dfer den nach \u00a7 9 von der Schatzmeisterin\/dem Schatzmeister zu verwahrenden Kassenakten.<\/p>\n\n\n\n<p class=\"has-black-color has-text-color\" id=\"block-a94f6ccf-dc24-414f-abfd-35787190a964\"><strong>\u00a7 11 Rechnungspr\u00fcfer\/innen<\/strong><\/p>\n\n\n\n<p class=\"has-black-color has-text-color\" id=\"block-e9280917-1c2e-46c4-a0c3-5435f6dbbdf1\">Die Mitgliederversammlung bestellt zwei Rechnungspr\u00fcfer\/innen f\u00fcr den Zeitraum von zwei Jahren. Sie d\u00fcrfen nicht Mitglieder des Vorstandes sein. Sie haben die von der Schatzmeisterin\/dem Schatzmeister vorgelegten Abrechnungen zu pr\u00fcfen und der Mitgliederversammlung einen schriftlichen Pr\u00fcfungsbericht vorzulegen.<\/p>\n\n\n\n<p class=\"has-black-color has-text-color\" id=\"block-215a358e-4f55-4ea1-ba55-bbd16e1292ef\"><strong>\u00a712 Aufl\u00f6sung *<\/strong><\/p>\n\n\n\n<p class=\"has-black-color has-text-color\" id=\"block-33c4d200-5ee9-4ca9-8a0f-5aa962b7ecfc\">Bei Aufl\u00f6sung der Gesellschaft oder bei Wegfall der steuerbeg\u00fcnstigten Zwecke f\u00e4llt das Verm\u00f6gen der Gesellschaft an den Verband der Historiker und Historikerinnen Deutschlands e.V., der es unmittelbar und ausschlie\u00dflich f\u00fcr gemeinn\u00fctzige Zwecke zu verwenden hat.<\/p>\n\n\n\n<p class=\"has-black-color has-text-color\" id=\"block-b88cf92d-5a46-4743-b9f1-edaea8e421d2\"><strong>\u00a7 13 Gesch\u00e4ftsjahr<\/strong><\/p>\n\n\n\n<p class=\"has-black-color has-text-color\" id=\"block-5421eca1-7ea8-4497-8d36-1f4469b6d20e\">Das Gesch\u00e4ftsjahr ist das Kalenderjahr.<\/p>\n\n\n\n<p class=\"has-black-color has-text-color\" id=\"block-3dc21321-ab4e-4875-9d2f-673ef5ef42e8\"><strong>\u00a7 14 Inkrafttreten<\/strong><\/p>\n\n\n\n<p class=\"has-black-color has-text-color\" id=\"block-8f9bdad7-9bbe-4b7f-a273-c0e724d8d555\">Die Satzung tritt mit ihrer Eintragung ins Vereinsregister in Kraft.<\/p>\n\n\n\n<p id=\"block-39d2e8e3-fab0-4b39-9f00-1642618a718f\"><mark style=\"background-color:rgba(0, 0, 0, 0)\" class=\"has-inline-color has-black-color\">* Anm.: Die fett gedruckten Paragraphen 2 und 12 wurden auf Vorschlag des Finanzamtes in Berlin ge\u00e4ndert, als Vorbedingung f\u00fcr die Gew\u00e4hrung der Gemeinn\u00fctzigkeit. \u00dcber diese \u00c4nderungen wird auf der Mitgliederversammlung vom 16.-17. November in Gelsenkirchen entschieden.<\/mark><\/p>\n<\/div><\/div>\n<\/div>\n<\/div>\n","protected":false},"excerpt":{"rendered":"<p>Satzung der GSU \u00a71 Name, Sitz Der Verein f\u00fchrt die Bezeichnung Gesellschaft f\u00fcr Stadtgeschichte und Urbanisierungsforschung e.V. (im folgenden Gesellschaft genannt). Er ist ein eingetragener Verein des b\u00fcrgerlichen Rechts und hat seinen Sitz in Berlin. \u00a72 Zweck der Gesellschaft * (1) Der alleinige Zweck der Gesellschaft ist die unmittelbare, m\u00f6glichst vielgestaltige F\u00f6rderung von Wissenschaft und [&hellip;]<\/p>\n","protected":false},"author":2,"featured_media":0,"parent":6,"menu_order":0,"comment_status":"closed","ping_status":"closed","template":"templates\/template-full-width.php","meta":{"footnotes":""},"class_list":["post-30","page","type-page","status-publish","hentry"],"_links":{"self":[{"href":"https:\/\/gsu-stadtgeschichte.com\/index.php?rest_route=\/wp\/v2\/pages\/30","targetHints":{"allow":["GET"]}}],"collection":[{"href":"https:\/\/gsu-stadtgeschichte.com\/index.php?rest_route=\/wp\/v2\/pages"}],"about":[{"href":"https:\/\/gsu-stadtgeschichte.com\/index.php?rest_route=\/wp\/v2\/types\/page"}],"author":[{"embeddable":true,"href":"https:\/\/gsu-stadtgeschichte.com\/index.php?rest_route=\/wp\/v2\/users\/2"}],"replies":[{"embeddable":true,"href":"https:\/\/gsu-stadtgeschichte.com\/index.php?rest_route=%2Fwp%2Fv2%2Fcomments&post=30"}],"version-history":[{"count":4,"href":"https:\/\/gsu-stadtgeschichte.com\/index.php?rest_route=\/wp\/v2\/pages\/30\/revisions"}],"predecessor-version":[{"id":1569,"href":"https:\/\/gsu-stadtgeschichte.com\/index.php?rest_route=\/wp\/v2\/pages\/30\/revisions\/1569"}],"up":[{"embeddable":true,"href":"https:\/\/gsu-stadtgeschichte.com\/index.php?rest_route=\/wp\/v2\/pages\/6"}],"wp:attachment":[{"href":"https:\/\/gsu-stadtgeschichte.com\/index.php?rest_route=%2Fwp%2Fv2%2Fmedia&parent=30"}],"curies":[{"name":"wp","href":"https:\/\/api.w.org\/{rel}","templated":true}]}}