{"id":169,"date":"2021-01-15T00:01:05","date_gmt":"2021-01-14T23:01:05","guid":{"rendered":"http:\/\/localhost\/Wordpress\/?page_id=169"},"modified":"2022-05-23T15:44:00","modified_gmt":"2022-05-23T15:44:00","slug":"ueber-uns","status":"publish","type":"page","link":"https:\/\/gsu-stadtgeschichte.com\/?page_id=169","title":{"rendered":"\u00dcber uns"},"content":{"rendered":"\n<h2 class=\"wp-block-heading\">\u00dcber uns<\/h2>\n\n\n\n<div style=\"height:40px\" aria-hidden=\"true\" class=\"wp-block-spacer\"><\/div>\n\n\n\n<div class=\"wp-block-columns is-layout-flex wp-container-core-columns-is-layout-9d6595d7 wp-block-columns-is-layout-flex\">\n<div class=\"wp-block-column is-layout-flow wp-block-column-is-layout-flow\" style=\"flex-basis:100%\">\n<p class=\"has-black-color has-text-color\" style=\"font-size:15px\"><mark style=\"background-color:rgba(0, 0, 0, 0)\" class=\"has-inline-color has-black-color\">Grundlegendes Ziel\u00a0der Gesellschaft ist die Erforschung von Stadtentwicklung und Urbanisierung im deutschsprachigen Raum.<\/mark> <mark style=\"background-color:rgba(0, 0, 0, 0)\" class=\"has-inline-color has-black-color\">Die Ausrichtung der Gesellschaft ist epochen\u00fcbergreifend, umfasst aber insbesondere die Stadtentwicklung der Neuzeit.<\/mark> Die GSU m\u00f6chte vor allem Wissenschaftler_innen dieser Forschungsbereiche in der Qualifikationsphase unterst\u00fctzen.<\/p>\n\n\n\n<p class=\"has-black-color has-text-color\" style=\"font-size:15px\"><mark style=\"background-color:rgba(0, 0, 0, 0)\" class=\"has-inline-color has-black-color\">Auf dieser Grundlage stellt sich die GSU die folgenden Aufgaben<\/mark>:<\/p>\n<\/div>\n<\/div>\n\n\n\n<div style=\"height:20px\" aria-hidden=\"true\" class=\"wp-block-spacer\"><\/div>\n\n\n\n<ul class=\"has-black-color has-text-color wp-block-list\" style=\"font-size:15px\"><li>F\u00f6rderung der Forschungskooperation zwischen den deutschen Universit\u00e4ten, aber auch zwischen den Universit\u00e4ten und den au\u00dferuniversit\u00e4ren Forschungseinrichtungen<\/li><\/ul>\n\n\n\n<div style=\"height:10px\" aria-hidden=\"true\" class=\"wp-block-spacer\"><\/div>\n\n\n\n<ul class=\"has-black-color has-text-color wp-block-list\" style=\"font-size:15px\"><li>Durchf\u00fchrung wissenschaftlicher Fachtagungen und Kolloquien<\/li><\/ul>\n\n\n\n<div style=\"height:10px\" aria-hidden=\"true\" class=\"wp-block-spacer\"><\/div>\n\n\n\n<ul class=\"has-black-color has-text-color wp-block-list\" style=\"font-size:15px\"><li>Unterst\u00fctzung des wissenschaftlichen Nachwuchses<\/li><\/ul>\n\n\n\n<div style=\"height:10px\" aria-hidden=\"true\" class=\"wp-block-spacer\"><\/div>\n\n\n\n<ul class=\"has-black-color has-text-color wp-block-list\" style=\"font-size:15px\"><li>Herausgabe der Zeitschrift&nbsp;&#8222;Moderne Stadtgeschichte&#8220; (MSG) sowie der Buchreihe &#8222;Beitr\u00e4ge zur Stadtgeschichte und Urbanisierungsforschung&#8220;<\/li><\/ul>\n\n\n\n<div style=\"height:39px\" aria-hidden=\"true\" class=\"wp-block-spacer\"><\/div>\n\n\n\n<p><strong>Mehr \u00fcber die GSU erfahren:<\/strong><\/p>\n\n\n\n<div class=\"wp-block-buttons is-layout-flex wp-block-buttons-is-layout-flex\">\n<div class=\"wp-block-button has-custom-width wp-block-button__width-50 is-style-outline is-style-outline--1\"><a class=\"wp-block-button__link has-white-color has-text-color has-background\" href=\"https:\/\/gsu-stadtgeschichte.com\/?page_id=34\" style=\"background-color:#1d527d\">Vorstand der GSU<\/a><\/div>\n\n\n\n<div class=\"wp-block-button has-custom-width wp-block-button__width-50 is-style-fill\"><a class=\"wp-block-button__link has-white-color has-text-color has-background\" href=\"https:\/\/gsu-stadtgeschichte.com\/?page_id=32\" style=\"background-color:#1d527d\">Positionspapiere der GSU<\/a><\/div>\n\n\n\n<div class=\"wp-block-button has-custom-width wp-block-button__width-50 is-style-fill\"><a class=\"wp-block-button__link has-white-color has-text-color has-background\" href=\"https:\/\/gsu-stadtgeschichte.com\/?page_id=30\" style=\"background-color:#1d527d\">Satzung der GSU<\/a><\/div>\n\n\n\n<div class=\"wp-block-button has-custom-width wp-block-button__width-50 is-style-fill\"><a class=\"wp-block-button__link has-white-color has-text-color has-background\" href=\"https:\/\/gsu-stadtgeschichte.com\/?page_id=36\" style=\"background-color:#1d527d\">Mitgliedschaft bei der GSU<\/a><\/div>\n\n\n\n<div class=\"wp-block-button has-custom-width wp-block-button__width-50 is-style-fill\"><a class=\"wp-block-button__link has-white-color has-text-color has-background\" href=\"https:\/\/gsu-stadtgeschichte.com\/?page_id=405\" style=\"background-color:#1d527d\">Publikationen<\/a><\/div>\n\n\n\n<div class=\"wp-block-button has-custom-width wp-block-button__width-50 is-style-fill\"><a class=\"wp-block-button__link has-white-color has-text-color has-background\" href=\"https:\/\/gsu-stadtgeschichte.com\/?page_id=6\" style=\"background-color:#1d527d\">Veranstaltungen<\/a><\/div>\n<\/div>\n","protected":false},"excerpt":{"rendered":"<p>\u00dcber uns Grundlegendes Ziel\u00a0der Gesellschaft ist die Erforschung von Stadtentwicklung und Urbanisierung im deutschsprachigen Raum. Die Ausrichtung der Gesellschaft ist epochen\u00fcbergreifend, umfasst aber insbesondere die Stadtentwicklung der Neuzeit. Die GSU m\u00f6chte vor allem Wissenschaftler_innen dieser Forschungsbereiche in der Qualifikationsphase unterst\u00fctzen. Auf dieser Grundlage stellt sich die GSU die folgenden Aufgaben: F\u00f6rderung der Forschungskooperation zwischen den [&hellip;]<\/p>\n","protected":false},"author":2,"featured_media":0,"parent":0,"menu_order":0,"comment_status":"closed","ping_status":"closed","template":"","meta":{"footnotes":""},"class_list":["post-169","page","type-page","status-publish","hentry"],"_links":{"self":[{"href":"https:\/\/gsu-stadtgeschichte.com\/index.php?rest_route=\/wp\/v2\/pages\/169","targetHints":{"allow":["GET"]}}],"collection":[{"href":"https:\/\/gsu-stadtgeschichte.com\/index.php?rest_route=\/wp\/v2\/pages"}],"about":[{"href":"https:\/\/gsu-stadtgeschichte.com\/index.php?rest_route=\/wp\/v2\/types\/page"}],"author":[{"embeddable":true,"href":"https:\/\/gsu-stadtgeschichte.com\/index.php?rest_route=\/wp\/v2\/users\/2"}],"replies":[{"embeddable":true,"href":"https:\/\/gsu-stadtgeschichte.com\/index.php?rest_route=%2Fwp%2Fv2%2Fcomments&post=169"}],"version-history":[{"count":41,"href":"https:\/\/gsu-stadtgeschichte.com\/index.php?rest_route=\/wp\/v2\/pages\/169\/revisions"}],"predecessor-version":[{"id":1557,"href":"https:\/\/gsu-stadtgeschichte.com\/index.php?rest_route=\/wp\/v2\/pages\/169\/revisions\/1557"}],"wp:attachment":[{"href":"https:\/\/gsu-stadtgeschichte.com\/index.php?rest_route=%2Fwp%2Fv2%2Fmedia&parent=169"}],"curies":[{"name":"wp","href":"https:\/\/api.w.org\/{rel}","templated":true}]}}